{"id":591,"date":"2016-10-07T19:55:44","date_gmt":"2016-10-07T19:55:44","guid":{"rendered":"http:\/\/makingsolucoes.com.br\/?page_id=591"},"modified":"2018-07-12T20:54:26","modified_gmt":"2018-07-12T20:54:26","slug":"fale-conosco","status":"publish","type":"page","link":"http:\/\/makingsolucoes.com.br\/index.php\/fale-conosco\/","title":{"rendered":"Fale conosco."},"content":{"rendered":"\n<div class=\"wpcf7 no-js\" id=\"wpcf7-f588-o1\" lang=\"pt-BR\" dir=\"ltr\" data-wpcf7-id=\"588\">\n<div class=\"screen-reader-response\"><p role=\"status\" aria-live=\"polite\" aria-atomic=\"true\"><\/p> <ul><\/ul><\/div>\n<form action=\"\/index.php\/wp-json\/wp\/v2\/pages\/591#wpcf7-f588-o1\" method=\"post\" class=\"wpcf7-form init\" aria-label=\"Formul\u00e1rios de contato\" enctype=\"multipart\/form-data\" novalidate=\"novalidate\" data-status=\"init\">\n<fieldset class=\"hidden-fields-container\"><input type=\"hidden\" name=\"_wpcf7\" value=\"588\" \/><input type=\"hidden\" name=\"_wpcf7_version\" value=\"6.1.5\" \/><input type=\"hidden\" name=\"_wpcf7_locale\" value=\"pt_BR\" \/><input type=\"hidden\" name=\"_wpcf7_unit_tag\" value=\"wpcf7-f588-o1\" \/><input type=\"hidden\" name=\"_wpcf7_container_post\" value=\"0\" \/><input type=\"hidden\" name=\"_wpcf7_posted_data_hash\" value=\"\" \/>\n<\/fieldset>\n<p><label> Como podemos te chamar? (obrigat\u00f3rio)<br \/>\n<span class=\"wpcf7-form-control-wrap\" data-name=\"your-name\"><input size=\"40\" maxlength=\"400\" class=\"wpcf7-form-control wpcf7-text wpcf7-validates-as-required\" aria-required=\"true\" aria-invalid=\"false\" value=\"\" type=\"text\" name=\"your-name\" \/><\/span> <\/label>\n<\/p>\n<p><label> Qual seu endere\u00e7o de email? (obrigat\u00f3rio)<br \/>\n<span class=\"wpcf7-form-control-wrap\" data-name=\"your-email\"><input size=\"40\" maxlength=\"400\" class=\"wpcf7-form-control wpcf7-email wpcf7-validates-as-required wpcf7-text wpcf7-validates-as-email\" aria-required=\"true\" aria-invalid=\"false\" value=\"\" type=\"email\" name=\"your-email\" \/><\/span> <\/label>\n<\/p>\n<p><label> Quer deixar telefone de contato?<br \/>\n<span class=\"wpcf7-form-control-wrap\" data-name=\"tel-contato\"><input size=\"40\" maxlength=\"400\" class=\"wpcf7-form-control wpcf7-tel wpcf7-validates-as-required wpcf7-text wpcf7-validates-as-tel\" aria-required=\"true\" aria-invalid=\"false\" placeholder=\"(XX) XXXXX-XXXX\" value=\"\" type=\"tel\" name=\"tel-contato\" \/><\/span><\/label>\n<\/p>\n<p><label> Sobre o que voc\u00ea quer falar?<br \/>\n<span class=\"wpcf7-form-control-wrap\" data-name=\"menu-assunto\"><select class=\"wpcf7-form-control wpcf7-select\" aria-invalid=\"false\" name=\"menu-assunto\"><option value=\"\">&#8212;Escolha uma op\u00e7\u00e3o&#8212;<\/option><option value=\"Or\u00e7amento\">Or\u00e7amento<\/option><option value=\"Oportunidade de emprego\">Oportunidade de emprego<\/option><option value=\"Casting de promotores\">Casting de promotores<\/option><option value=\"Outros assuntos\">Outros assuntos<\/option><\/select><\/span><\/label>\n<\/p>\n<p><label> Ent\u00e3o, conta a\u00ed o que quer nos dizer:<br \/>\n<span class=\"wpcf7-form-control-wrap\" data-name=\"your-message\"><textarea cols=\"40\" rows=\"10\" maxlength=\"2000\" class=\"wpcf7-form-control wpcf7-textarea\" aria-invalid=\"false\" name=\"your-message\"><\/textarea><\/span> <\/label>\n<\/p>\n<p><label> Adicione seu briefing, CV, portf\u00f3lio ou foto (.doc \/ .pdf \/ .jpg \/ .png de at\u00e9 4MB)<br \/>\n<span class=\"wpcf7-form-control-wrap\" data-name=\"file-770\"><input size=\"40\" class=\"wpcf7-form-control wpcf7-file\" accept=\".doc,.pdf,.jpg,.png\" aria-invalid=\"false\" type=\"file\" name=\"file-770\" \/><\/span> <\/label>\n<\/p>\n<p><input class=\"wpcf7-form-control wpcf7-submit has-spinner\" type=\"submit\" value=\"Clica aqui que receberemos seu contato e logo retornaremos\" \/>\n<\/p><p style=\"display: none !important;\" class=\"akismet-fields-container\" data-prefix=\"_wpcf7_ak_\"><label>&#916;<textarea name=\"_wpcf7_ak_hp_textarea\" cols=\"45\" rows=\"8\" maxlength=\"100\"><\/textarea><\/label><input type=\"hidden\" id=\"ak_js_1\" name=\"_wpcf7_ak_js\" value=\"173\"\/><script>document.getElementById( \"ak_js_1\" ).setAttribute( \"value\", ( new Date() ).getTime() );<\/script><\/p><div class=\"wpcf7-response-output\" aria-hidden=\"true\"><\/div>\n<\/form>\n<\/div>\n\n","protected":false},"excerpt":{"rendered":"<p>fale conosco, a\u00e7\u00e3o promocional, eventos, live marketing, marketing promocional, a\u00e7\u00f5es de marketing, ativa\u00e7\u00e3o de marca, blitz, evento corporativo, foto, or\u00e7amento<\/p>\n","protected":false},"author":1,"featured_media":0,"parent":0,"menu_order":0,"comment_status":"closed","ping_status":"closed","template":"","meta":{"footnotes":""},"class_list":["post-591","page","type-page","status-publish","hentry"],"_links":{"self":[{"href":"http:\/\/makingsolucoes.com.br\/index.php\/wp-json\/wp\/v2\/pages\/591","targetHints":{"allow":["GET"]}}],"collection":[{"href":"http:\/\/makingsolucoes.com.br\/index.php\/wp-json\/wp\/v2\/pages"}],"about":[{"href":"http:\/\/makingsolucoes.com.br\/index.php\/wp-json\/wp\/v2\/types\/page"}],"author":[{"embeddable":true,"href":"http:\/\/makingsolucoes.com.br\/index.php\/wp-json\/wp\/v2\/users\/1"}],"replies":[{"embeddable":true,"href":"http:\/\/makingsolucoes.com.br\/index.php\/wp-json\/wp\/v2\/comments?post=591"}],"version-history":[{"count":2,"href":"http:\/\/makingsolucoes.com.br\/index.php\/wp-json\/wp\/v2\/pages\/591\/revisions"}],"predecessor-version":[{"id":850,"href":"http:\/\/makingsolucoes.com.br\/index.php\/wp-json\/wp\/v2\/pages\/591\/revisions\/850"}],"wp:attachment":[{"href":"http:\/\/makingsolucoes.com.br\/index.php\/wp-json\/wp\/v2\/media?parent=591"}],"curies":[{"name":"wp","href":"https:\/\/api.w.org\/{rel}","templated":true}]}}