{"id":471,"date":"2016-10-06T18:58:27","date_gmt":"2016-10-06T18:58:27","guid":{"rendered":"http:\/\/makingsolucoes.com.br\/?page_id=471"},"modified":"2026-04-27T19:45:10","modified_gmt":"2026-04-27T19:45:10","slug":"livemarketing","status":"publish","type":"page","link":"https:\/\/makingsolucoes.com.br\/index.php\/livemarketing\/","title":{"rendered":"Servi\u00e7os"},"content":{"rendered":"<p><img loading=\"lazy\" decoding=\"async\" class=\"alignnone size-full wp-image-1688\" src=\"http:\/\/makingsolucoes.com.br\/wp-content\/uploads\/2026\/04\/20260427_MKNG_img_servicos_1500x1015px.png\" alt=\"\" width=\"1500\" height=\"1015\" srcset=\"https:\/\/makingsolucoes.com.br\/wp-content\/uploads\/2026\/04\/20260427_MKNG_img_servicos_1500x1015px.png 1500w, https:\/\/makingsolucoes.com.br\/wp-content\/uploads\/2026\/04\/20260427_MKNG_img_servicos_1500x1015px-300x203.png 300w, https:\/\/makingsolucoes.com.br\/wp-content\/uploads\/2026\/04\/20260427_MKNG_img_servicos_1500x1015px-1024x693.png 1024w, https:\/\/makingsolucoes.com.br\/wp-content\/uploads\/2026\/04\/20260427_MKNG_img_servicos_1500x1015px-768x520.png 768w\" sizes=\"auto, (max-width: 1500px) 100vw, 1500px\" \/><\/p>\n<ul>\n<li>Blitz<\/li>\n<li>Congresso<\/li>\n<li>Entretenimento<\/li>\n<li>Evento Corporativo<\/li>\n<li>Feiras e Stands<\/li>\n<li>Guerrilha<\/li>\n<li>Lan\u00e7amentos<\/li>\n<li>Promocional (Panfletagem, divulga\u00e7\u00e3o, <em>Taylor Made<\/em>)<\/li>\n<li>Projetos Especiais<\/li>\n<li>Digital Content<\/li>\n<\/ul>\n","protected":false},"excerpt":{"rendered":"<p>fale conosco, a\u00e7\u00e3o promocional, eventos, live marketing, marketing promocional, a\u00e7\u00f5es de marketing, ativa\u00e7\u00e3o de marca, blitz, evento corporativo, foto, or\u00e7amento<\/p>\n","protected":false},"author":2,"featured_media":1688,"parent":0,"menu_order":0,"comment_status":"closed","ping_status":"closed","template":"","meta":{"footnotes":""},"class_list":["post-471","page","type-page","status-publish","has-post-thumbnail","hentry"],"_links":{"self":[{"href":"https:\/\/makingsolucoes.com.br\/index.php\/wp-json\/wp\/v2\/pages\/471","targetHints":{"allow":["GET"]}}],"collection":[{"href":"https:\/\/makingsolucoes.com.br\/index.php\/wp-json\/wp\/v2\/pages"}],"about":[{"href":"https:\/\/makingsolucoes.com.br\/index.php\/wp-json\/wp\/v2\/types\/page"}],"author":[{"embeddable":true,"href":"https:\/\/makingsolucoes.com.br\/index.php\/wp-json\/wp\/v2\/users\/2"}],"replies":[{"embeddable":true,"href":"https:\/\/makingsolucoes.com.br\/index.php\/wp-json\/wp\/v2\/comments?post=471"}],"version-history":[{"count":13,"href":"https:\/\/makingsolucoes.com.br\/index.php\/wp-json\/wp\/v2\/pages\/471\/revisions"}],"predecessor-version":[{"id":1690,"href":"https:\/\/makingsolucoes.com.br\/index.php\/wp-json\/wp\/v2\/pages\/471\/revisions\/1690"}],"wp:featuredmedia":[{"embeddable":true,"href":"https:\/\/makingsolucoes.com.br\/index.php\/wp-json\/wp\/v2\/media\/1688"}],"wp:attachment":[{"href":"https:\/\/makingsolucoes.com.br\/index.php\/wp-json\/wp\/v2\/media?parent=471"}],"curies":[{"name":"wp","href":"https:\/\/api.w.org\/{rel}","templated":true}]}}